{"id":1166,"date":"2023-04-26T18:34:08","date_gmt":"2023-04-26T18:34:08","guid":{"rendered":"https:\/\/camino.tokdigitalagency.info\/camino-donations\/"},"modified":"2023-06-20T16:20:15","modified_gmt":"2023-06-20T16:20:15","slug":"camino-donations","status":"publish","type":"page","link":"https:\/\/camino.org\/es\/camino-donations\/","title":{"rendered":"Donaciones"},"content":{"rendered":"\n    <section class=\"section-donate\">\n        <div class=\"container flex\">\n            <div class=\"column image-column\" style=\"background-image: url(https:\/\/camino.org\/wp-content\/uploads\/2023\/06\/Donate.JPG.jpg)\" \/images\/donate.jpg)\">\n                <div class=\"inner\">\n                    <h2><\/h2>\n                    <p><\/p>\n                <\/div>\n            <\/div>\n            <div class=\"column donation-column\">\n                <div class=\"give-embed-form-wrapper\" id=\"give-69e8b8f7b4647\"><iframe\n\t\t\t\tname=\"give-embed-form\"\n\t\t\t\tsrc=\"https:\/\/camino.org\/es\/give\/donation-form\/?giveDonationFormInIframe=1\"\n\t\t\t\t\n\t\t\t\tdata-autoScroll=\"0\"\n\t\t\t\tonload=\"if( 'undefined' !== typeof Give ) { Give.initializeIframeResize(this) }\"\n\t\t\t\tstyle=\"border: 0;visibility: hidden;min-height: 423px;\"><\/iframe><div class=\"iframe-loader\">\n<div style=\"\n\t\theight: calc(100% - 28px);\n\t\twidth: calc(100% - 20px);\n\t\tmax-width: 552px;\n\t\tmargin: 10px auto 10px auto;\n\t\tbackground: transparent;\n\t\tborder-radius: 6px;\n\t\tdisplay: flex;\n\t\talign-items: center;\n\t\tjustify-content: center;\n\t\">\n    <div style=\"\n        pointer-events: none;\n        height: 90px;\n        width: 90px;\n        background-image: url(&quot;data:image\/svg+xml;charset=utf8,%3C?xml version='1.0' encoding='utf-8'?%3E%3C!-- Generator: Adobe Illustrator 24.1.0, SVG Export Plug-In . SVG Version: 6.00 Build 0) --%3E%3Csvg version='1.1' id='Layer_1' xmlns='http:\/\/www.w3.org\/2000\/svg' xmlns:xlink='http:\/\/www.w3.org\/1999\/xlink' x='0px' y='0px' viewBox='0 0 349 348' style='enable-background:new 0 0 349 348;' xml:space='preserve'%3E%3Cstyle type='text\/css'%3E .st0{fill:%23a8a816;} %3C\/style%3E%3Cpath class='st0' d='M25.1,204.57c-13.38,0-24.47-10.6-24.97-24.08C0.04,178.09,0,175.97,0,174C0,77.78,78.28-0.5,174.5-0.5 c13.81,0,25,11.19,25,25s-11.19,25-25,25C105.85,49.5,50,105.35,50,174c0,1.37,0.03,2.85,0.1,4.65c0.51,13.8-10.27,25.39-24.07,25.9 C25.72,204.56,25.41,204.57,25.1,204.57z'\/%3E%3Cpath class='st0' d='M174.5,348.5c-13.81,0-25-11.19-25-25c0-13.81,11.19-25,25-25c68.65,0,124.5-55.85,124.5-124.5 c0-1.38-0.03-2.85-0.1-4.65c-0.51-13.8,10.26-25.4,24.06-25.91c13.83-0.53,25.4,10.26,25.91,24.06c0.09,2.39,0.13,4.51,0.13,6.49 C349,270.22,270.72,348.5,174.5,348.5z'\/%3E%3C\/svg%3E&quot;);\n        animation: spin 0.6s linear infinite;\n        \"><\/div>\n<\/div>\n<\/div><\/div>\n            <\/div>\n        <\/div>\n    <\/section>\n\n<section class=\"section-background-with-content \">\n        <div class=\"container large\" style=\"background-image: url(https:\/\/camino.org\/wp-content\/uploads\/2023\/06\/DSC09721.ARW_.jpg\">\n            <div class=\"content\">\n                <h6>BIENVENIDO A CAMINO<\/h6>\n                <h2>Qui\u00e9nes somos<\/h2>\n                <p>Durante 25 a\u00f1os Camino ha sido una parte integral de la comunidad de Charlotte, tomando medidas para mejorar la vida de los latinos en todo el estado de Carolina del Norte. Ofrecemos una variedad de servicios que buscan dar a las personas las herramientas para vivir vidas saludables, esperanzadoras y productivas. Haga clic en el enlace de abajo para leer m\u00e1s sobre nuestra historia y fundador.<br><a href=\"http:\/\/localhost:8888\/about-us\"><\/a><\/p>\n            <\/div>\n        <\/div>\n    <\/section>","protected":false},"excerpt":{"rendered":"<p>Prevemos que 2023 ser\u00e1 nuestro a\u00f1o de mayor impacto. En 2022, atendimos a 103.582 personas a trav\u00e9s de nuestros servicios colectivos. Con tu generosa donaci\u00f3n, podr\u00edas unirte a nosotros para ayudar a muchos m\u00e1s.<\/p>\n","protected":false},"author":1,"featured_media":11511,"parent":0,"menu_order":0,"comment_status":"closed","ping_status":"closed","template":"templates\/page-donations.php","meta":{"_acf_changed":false,"give_campaign_id":0,"_coblocks_attr":"","_coblocks_dimensions":"","_coblocks_responsive_height":"","_coblocks_accordion_ie_support":"","om_disable_all_campaigns":false,"inline_featured_image":false,"_monsterinsights_skip_tracking":false,"_monsterinsights_sitenote_active":false,"_monsterinsights_sitenote_note":"","_monsterinsights_sitenote_category":0,"footnotes":""},"class_list":["post-1166","page","type-page","status-publish","has-post-thumbnail","hentry"],"acf":[],"yoast_head":"<!-- This site is optimized with the Yoast SEO plugin v27.4 - https:\/\/yoast.com\/product\/yoast-seo-wordpress\/ -->\n<title>Donaciones - Camino<\/title>\n<meta name=\"robots\" content=\"index, follow, max-snippet:-1, max-image-preview:large, max-video-preview:-1\" \/>\n<link rel=\"canonical\" href=\"https:\/\/camino.org\/es\/camino-donations\/\" \/>\n<meta property=\"og:locale\" content=\"es_ES\" \/>\n<meta property=\"og:type\" content=\"article\" \/>\n<meta property=\"og:title\" content=\"Donaciones - Camino\" \/>\n<meta property=\"og:description\" content=\"Prevemos que 2023 ser\u00e1 nuestro a\u00f1o de mayor impacto. En 2022, atendimos a 103.582 personas a trav\u00e9s de nuestros servicios colectivos. Con tu generosa donaci\u00f3n, podr\u00edas unirte a nosotros para ayudar a muchos m\u00e1s.\" \/>\n<meta property=\"og:url\" content=\"https:\/\/camino.org\/es\/camino-donations\/\" \/>\n<meta property=\"og:site_name\" content=\"Camino\" \/>\n<meta property=\"article:modified_time\" content=\"2023-06-20T16:20:15+00:00\" \/>\n<meta name=\"twitter:card\" content=\"summary_large_image\" \/>\n<script type=\"application\/ld+json\" class=\"yoast-schema-graph\">{\"@context\":\"https:\\\/\\\/schema.org\",\"@graph\":[{\"@type\":\"WebPage\",\"@id\":\"https:\\\/\\\/camino.org\\\/es\\\/camino-donations\\\/\",\"url\":\"https:\\\/\\\/camino.org\\\/es\\\/camino-donations\\\/\",\"name\":\"Donaciones - Camino\",\"isPartOf\":{\"@id\":\"https:\\\/\\\/camino.org\\\/#website\"},\"primaryImageOfPage\":{\"@id\":\"https:\\\/\\\/camino.org\\\/es\\\/camino-donations\\\/#primaryimage\"},\"image\":{\"@id\":\"https:\\\/\\\/camino.org\\\/es\\\/camino-donations\\\/#primaryimage\"},\"thumbnailUrl\":\"https:\\\/\\\/i0.wp.com\\\/camino.org\\\/wp-content\\\/uploads\\\/2026\\\/02\\\/Screenshot-2026-02-20-144413.png?fit=2039%2C686&ssl=1\",\"datePublished\":\"2023-04-26T18:34:08+00:00\",\"dateModified\":\"2023-06-20T16:20:15+00:00\",\"breadcrumb\":{\"@id\":\"https:\\\/\\\/camino.org\\\/es\\\/camino-donations\\\/#breadcrumb\"},\"inLanguage\":\"es\",\"potentialAction\":[{\"@type\":\"ReadAction\",\"target\":[\"https:\\\/\\\/camino.org\\\/es\\\/camino-donations\\\/\"]}]},{\"@type\":\"ImageObject\",\"inLanguage\":\"es\",\"@id\":\"https:\\\/\\\/camino.org\\\/es\\\/camino-donations\\\/#primaryimage\",\"url\":\"https:\\\/\\\/i0.wp.com\\\/camino.org\\\/wp-content\\\/uploads\\\/2026\\\/02\\\/Screenshot-2026-02-20-144413.png?fit=2039%2C686&ssl=1\",\"contentUrl\":\"https:\\\/\\\/i0.wp.com\\\/camino.org\\\/wp-content\\\/uploads\\\/2026\\\/02\\\/Screenshot-2026-02-20-144413.png?fit=2039%2C686&ssl=1\",\"width\":2039,\"height\":686},{\"@type\":\"BreadcrumbList\",\"@id\":\"https:\\\/\\\/camino.org\\\/es\\\/camino-donations\\\/#breadcrumb\",\"itemListElement\":[{\"@type\":\"ListItem\",\"position\":1,\"name\":\"Home\",\"item\":\"https:\\\/\\\/camino.org\\\/es\\\/\"},{\"@type\":\"ListItem\",\"position\":2,\"name\":\"Donaciones\"}]},{\"@type\":\"WebSite\",\"@id\":\"https:\\\/\\\/camino.org\\\/#website\",\"url\":\"https:\\\/\\\/camino.org\\\/\",\"name\":\"Camino\",\"description\":\"A bilingual and multicultural health center that provides excellent and affordable integrated care to the underinsured and uninsured populations.\",\"publisher\":{\"@id\":\"https:\\\/\\\/camino.org\\\/#organization\"},\"potentialAction\":[{\"@type\":\"SearchAction\",\"target\":{\"@type\":\"EntryPoint\",\"urlTemplate\":\"https:\\\/\\\/camino.org\\\/?s={search_term_string}\"},\"query-input\":{\"@type\":\"PropertyValueSpecification\",\"valueRequired\":true,\"valueName\":\"search_term_string\"}}],\"inLanguage\":\"es\"},{\"@type\":\"Organization\",\"@id\":\"https:\\\/\\\/camino.org\\\/#organization\",\"name\":\"Camino\",\"alternateName\":\"Camino\",\"url\":\"https:\\\/\\\/camino.org\\\/\",\"logo\":{\"@type\":\"ImageObject\",\"inLanguage\":\"es\",\"@id\":\"https:\\\/\\\/camino.org\\\/#\\\/schema\\\/logo\\\/image\\\/\",\"url\":\"https:\\\/\\\/camino.org\\\/wp-content\\\/uploads\\\/2023\\\/06\\\/logo-color.svg\",\"contentUrl\":\"https:\\\/\\\/camino.org\\\/wp-content\\\/uploads\\\/2023\\\/06\\\/logo-color.svg\",\"width\":199,\"height\":37,\"caption\":\"Camino\"},\"image\":{\"@id\":\"https:\\\/\\\/camino.org\\\/#\\\/schema\\\/logo\\\/image\\\/\"},\"sameAs\":[\"https:\\\/\\\/instagram.com\\\/camino.stories?igshid=MzRlODBiNWFlZA==\",\"https:\\\/\\\/www.linkedin.com\\\/company\\\/caminohealthcenter\\\/mycompany\\\/verification\\\/\",\"https:\\\/\\\/www.youtube.com\\\/@caminostories2588\\\/videos\"]}]}<\/script>\n<!-- \/ Yoast SEO plugin. -->","yoast_head_json":{"title":"Donaciones - Camino","robots":{"index":"index","follow":"follow","max-snippet":"max-snippet:-1","max-image-preview":"max-image-preview:large","max-video-preview":"max-video-preview:-1"},"canonical":"https:\/\/camino.org\/es\/camino-donations\/","og_locale":"es_ES","og_type":"article","og_title":"Donaciones - Camino","og_description":"Prevemos que 2023 ser\u00e1 nuestro a\u00f1o de mayor impacto. En 2022, atendimos a 103.582 personas a trav\u00e9s de nuestros servicios colectivos. Con tu generosa donaci\u00f3n, podr\u00edas unirte a nosotros para ayudar a muchos m\u00e1s.","og_url":"https:\/\/camino.org\/es\/camino-donations\/","og_site_name":"Camino","article_modified_time":"2023-06-20T16:20:15+00:00","twitter_card":"summary_large_image","schema":{"@context":"https:\/\/schema.org","@graph":[{"@type":"WebPage","@id":"https:\/\/camino.org\/es\/camino-donations\/","url":"https:\/\/camino.org\/es\/camino-donations\/","name":"Donaciones - Camino","isPartOf":{"@id":"https:\/\/camino.org\/#website"},"primaryImageOfPage":{"@id":"https:\/\/camino.org\/es\/camino-donations\/#primaryimage"},"image":{"@id":"https:\/\/camino.org\/es\/camino-donations\/#primaryimage"},"thumbnailUrl":"https:\/\/i0.wp.com\/camino.org\/wp-content\/uploads\/2026\/02\/Screenshot-2026-02-20-144413.png?fit=2039%2C686&ssl=1","datePublished":"2023-04-26T18:34:08+00:00","dateModified":"2023-06-20T16:20:15+00:00","breadcrumb":{"@id":"https:\/\/camino.org\/es\/camino-donations\/#breadcrumb"},"inLanguage":"es","potentialAction":[{"@type":"ReadAction","target":["https:\/\/camino.org\/es\/camino-donations\/"]}]},{"@type":"ImageObject","inLanguage":"es","@id":"https:\/\/camino.org\/es\/camino-donations\/#primaryimage","url":"https:\/\/i0.wp.com\/camino.org\/wp-content\/uploads\/2026\/02\/Screenshot-2026-02-20-144413.png?fit=2039%2C686&ssl=1","contentUrl":"https:\/\/i0.wp.com\/camino.org\/wp-content\/uploads\/2026\/02\/Screenshot-2026-02-20-144413.png?fit=2039%2C686&ssl=1","width":2039,"height":686},{"@type":"BreadcrumbList","@id":"https:\/\/camino.org\/es\/camino-donations\/#breadcrumb","itemListElement":[{"@type":"ListItem","position":1,"name":"Home","item":"https:\/\/camino.org\/es\/"},{"@type":"ListItem","position":2,"name":"Donaciones"}]},{"@type":"WebSite","@id":"https:\/\/camino.org\/#website","url":"https:\/\/camino.org\/","name":"Camino","description":"A bilingual and multicultural health center that provides excellent and affordable integrated care to the underinsured and uninsured populations.","publisher":{"@id":"https:\/\/camino.org\/#organization"},"potentialAction":[{"@type":"SearchAction","target":{"@type":"EntryPoint","urlTemplate":"https:\/\/camino.org\/?s={search_term_string}"},"query-input":{"@type":"PropertyValueSpecification","valueRequired":true,"valueName":"search_term_string"}}],"inLanguage":"es"},{"@type":"Organization","@id":"https:\/\/camino.org\/#organization","name":"Camino","alternateName":"Camino","url":"https:\/\/camino.org\/","logo":{"@type":"ImageObject","inLanguage":"es","@id":"https:\/\/camino.org\/#\/schema\/logo\/image\/","url":"https:\/\/camino.org\/wp-content\/uploads\/2023\/06\/logo-color.svg","contentUrl":"https:\/\/camino.org\/wp-content\/uploads\/2023\/06\/logo-color.svg","width":199,"height":37,"caption":"Camino"},"image":{"@id":"https:\/\/camino.org\/#\/schema\/logo\/image\/"},"sameAs":["https:\/\/instagram.com\/camino.stories?igshid=MzRlODBiNWFlZA==","https:\/\/www.linkedin.com\/company\/caminohealthcenter\/mycompany\/verification\/","https:\/\/www.youtube.com\/@caminostories2588\/videos"]}]}},"campaignId":"","_links":{"self":[{"href":"https:\/\/camino.org\/es\/wp-json\/wp\/v2\/pages\/1166","targetHints":{"allow":["GET"]}}],"collection":[{"href":"https:\/\/camino.org\/es\/wp-json\/wp\/v2\/pages"}],"about":[{"href":"https:\/\/camino.org\/es\/wp-json\/wp\/v2\/types\/page"}],"author":[{"embeddable":true,"href":"https:\/\/camino.org\/es\/wp-json\/wp\/v2\/users\/1"}],"replies":[{"embeddable":true,"href":"https:\/\/camino.org\/es\/wp-json\/wp\/v2\/comments?post=1166"}],"version-history":[{"count":13,"href":"https:\/\/camino.org\/es\/wp-json\/wp\/v2\/pages\/1166\/revisions"}],"predecessor-version":[{"id":1635,"href":"https:\/\/camino.org\/es\/wp-json\/wp\/v2\/pages\/1166\/revisions\/1635"}],"wp:featuredmedia":[{"embeddable":true,"href":"https:\/\/camino.org\/es\/wp-json\/wp\/v2\/media\/11511"}],"wp:attachment":[{"href":"https:\/\/camino.org\/es\/wp-json\/wp\/v2\/media?parent=1166"}],"curies":[{"name":"wp","href":"https:\/\/api.w.org\/{rel}","templated":true}]}}