{"id":1422,"date":"2023-04-10T19:57:25","date_gmt":"2023-04-10T19:57:25","guid":{"rendered":"https:\/\/camino.org\/lo-que-hacemos\/"},"modified":"2023-06-13T17:58:50","modified_gmt":"2023-06-13T17:58:50","slug":"lo-que-hacemos","status":"publish","type":"page","link":"https:\/\/camino.org\/es\/lo-que-hacemos\/","title":{"rendered":"Lo Que Hacemos"},"content":{"rendered":"<section class=\"section-content-with-image\">\n        <div class=\"container\">\n            <div class=\"column content-column\">\n                <div class=\"inner\">\n                    <h6>\u00daLTIMA PUBLICACI\u00d3N<\/h6>\n                    <h2>Informe anual 2022<\/h2>\n                    \u00a0\u00abAl reflexionar sobre el a\u00f1o pasado, me renuevo en mi compromiso con la misi\u00f3n de Camino, y al mirar hacia el futuro, estoy lleno de esperanza. Al comenzar el a\u00f1o 2023, estamos iniciando nuestro vig\u00e9simo quinto a\u00f1o de servicio a las comunidades latinas, y nunca hemos estado m\u00e1s fuertes y preparados para cumplir nuestra misi\u00f3n de equipar a las personas para vivir vidas saludables, esperanzadoras y productivas! Creo que el futuro es Latino. Por lo tanto, al continuar sirviendo a la comunidad latina, s\u00e9 que estamos invirtiendo en un futuro lleno de esperanza, trabajo duro y mucho sabor\u00bb. <br>-Rusty Price<br><a href=\"https:\/\/simplebooklet.com\/revisedcarpdf\" class=\"primary button with-icon\">Leer<\/a>   \n                <\/div>\n            <\/div>\n            <div class=\"column image-column\"><img data-recalc-dims=\"1\" decoding=\"async\" src=\"https:\/\/i0.wp.com\/camino.org\/wp-content\/uploads\/2023\/05\/annual-report.jpg?w=640&#038;ssl=1\" alt=\"\" \/>\n            <\/div>\n        <\/div>\n    <\/section>\n\n<section class=\"section-services\"><div class=\"container\"><div class=\"services-header\">\n\t\t<h2>Nuestros servicios<\/h2>\n\t\t<p>Todos los servicios de Camino son biling\u00fces y multiculturales, asegurando que cada persona reciba lo que necesita en un idioma que entiendan y en un entorno en el que conf\u00eden.<\/p>\n\t<\/div><div class=\"services-grid\"><div class=\"service-item\"><a target=\"_blank\" rel=\"noopener\" href=\"https:\/\/caminosalud.com\" class=\"image-wrapper\"><img fetchpriority=\"high\" decoding=\"async\" width=\"640\" height=\"426\" src=\"https:\/\/i0.wp.com\/camino.org\/wp-content\/uploads\/2023\/05\/DSC05487-jpg.webp?fit=640%2C426&amp;ssl=1\" class=\"attachment-large size-large wp-post-image\" alt=\"\" srcset=\"https:\/\/i0.wp.com\/camino.org\/wp-content\/uploads\/2023\/05\/DSC05487-jpg.webp?w=1199&amp;ssl=1 1199w, https:\/\/i0.wp.com\/camino.org\/wp-content\/uploads\/2023\/05\/DSC05487-jpg.webp?resize=600%2C400&amp;ssl=1 600w, https:\/\/i0.wp.com\/camino.org\/wp-content\/uploads\/2023\/05\/DSC05487-jpg.webp?resize=300%2C200&amp;ssl=1 300w, https:\/\/i0.wp.com\/camino.org\/wp-content\/uploads\/2023\/05\/DSC05487-jpg.webp?resize=1024%2C682&amp;ssl=1 1024w, https:\/\/i0.wp.com\/camino.org\/wp-content\/uploads\/2023\/05\/DSC05487-jpg.webp?resize=768%2C512&amp;ssl=1 768w\" sizes=\"(max-width: 640px) 100vw, 640px\" \/><img decoding=\"async\" class=\"logo\" src=\"https:\/\/i0.wp.com\/camino.org\/wp-content\/uploads\/2023\/05\/camino-salud-logo-blanco-.png?fit=2623%2C1089&#038;ssl=1\" alt=\"\" \/><\/a><div class=\"item-content\"><h3>Camino Salud<\/h3><p>Camino Salud es un centro de salud biling\u00fce y multicultural que ofrece atenci\u00f3n hol\u00edstica de alta calidad. Brindamos servicios integrales en Medicina General, Salud Dental, Salud Mental y Nutrici\u00f3n, empoderando a nuestra comunidad para alcanzar el bienestar integral. Nuestro equipo dedicado garantiza una atenci\u00f3n personalizada y compasiva\u00a0para\u00a0todos.<\/p><\/div><\/div><div class=\"service-item\"><a target=\"_blank\" rel=\"noopener\" href=\"https:\/\/caminochurch.com\/\" class=\"image-wrapper\"><img decoding=\"async\" width=\"533\" height=\"320\" src=\"https:\/\/i0.wp.com\/camino.org\/wp-content\/uploads\/2023\/05\/camino-church.jpg?fit=533%2C320&amp;ssl=1\" class=\"attachment-large size-large wp-post-image\" alt=\"\" srcset=\"https:\/\/i0.wp.com\/camino.org\/wp-content\/uploads\/2023\/05\/camino-church.jpg?w=533&amp;ssl=1 533w, https:\/\/i0.wp.com\/camino.org\/wp-content\/uploads\/2023\/05\/camino-church.jpg?resize=300%2C180&amp;ssl=1 300w\" sizes=\"(max-width: 533px) 100vw, 533px\" \/><\/a><div class=\"item-content\"><h3>Camino Church<\/h3><p>Una iglesia cristiana cuya misi\u00f3n es equipar a las personas para vivir en la libertad de una relaci\u00f3n cotidiana con Dios. A trav\u00e9s del trabajo transformador del evangelio, Camino Church equipa a las personas para vivir vidas llenas de esperanza.<\/p><\/div><\/div><div class=\"service-item\"><a target=\"_blank\" rel=\"noopener\" href=\"https:\/\/arriba.org\/\" class=\"image-wrapper\"><img decoding=\"async\" width=\"533\" height=\"320\" src=\"https:\/\/i0.wp.com\/camino.org\/wp-content\/uploads\/2023\/05\/arriba.jpg?fit=533%2C320&amp;ssl=1\" class=\"attachment-large size-large wp-post-image\" alt=\"\" srcset=\"https:\/\/i0.wp.com\/camino.org\/wp-content\/uploads\/2023\/05\/arriba.jpg?w=533&amp;ssl=1 533w, https:\/\/i0.wp.com\/camino.org\/wp-content\/uploads\/2023\/05\/arriba.jpg?resize=300%2C180&amp;ssl=1 300w\" sizes=\"(max-width: 533px) 100vw, 533px\" \/><\/a><div class=\"item-content\"><h3>Arriba<\/h3><p>Un programa biling\u00fce de movilidad social ascendente compuesto por tres pilares: desarrollo laboral, educaci\u00f3n y emprendimiento, con la misi\u00f3n de equipar a las personas para que vivan vidas productivas.<\/p><\/div><\/div><div class=\"service-item\"><a target=\"_blank\" rel=\"noopener\" href=\"http:\/\/www.thewearhouse.org\/\" class=\"image-wrapper\"><img loading=\"lazy\" decoding=\"async\" width=\"533\" height=\"320\" src=\"https:\/\/i0.wp.com\/camino.org\/wp-content\/uploads\/2023\/05\/the-wearhouse.jpg?fit=533%2C320&amp;ssl=1\" class=\"attachment-large size-large wp-post-image\" alt=\"\" srcset=\"https:\/\/i0.wp.com\/camino.org\/wp-content\/uploads\/2023\/05\/the-wearhouse.jpg?w=533&amp;ssl=1 533w, https:\/\/i0.wp.com\/camino.org\/wp-content\/uploads\/2023\/05\/the-wearhouse.jpg?resize=300%2C180&amp;ssl=1 300w\" sizes=\"(max-width: 533px) 100vw, 533px\" \/><\/a><div class=\"item-content\"><h3>The WearHouse<\/h3><p>Una tienda de segunda mano con una misi\u00f3n! Sostenido a trav\u00e9s de donaciones de la comunidad, The WearHouse vende ropa, juguetes, libros, muebles y m\u00e1s a precios asequibles. Las ventas se reciclan de vuelta a la comunidad para ayudar a la poblaci\u00f3n de inmigrantes latinos.<\/p><\/div><\/div><div class=\"service-item\"><a target=\"_blank\" rel=\"noopener\" href=\"https:\/\/camino.org\/research\/\" class=\"image-wrapper\"><img loading=\"lazy\" decoding=\"async\" width=\"533\" height=\"320\" src=\"https:\/\/i0.wp.com\/camino.org\/wp-content\/uploads\/2023\/05\/camino-research.jpg?fit=533%2C320&amp;ssl=1\" class=\"attachment-large size-large wp-post-image\" alt=\"\" srcset=\"https:\/\/i0.wp.com\/camino.org\/wp-content\/uploads\/2023\/05\/camino-research.jpg?w=533&amp;ssl=1 533w, https:\/\/i0.wp.com\/camino.org\/wp-content\/uploads\/2023\/05\/camino-research.jpg?resize=300%2C180&amp;ssl=1 300w\" sizes=\"(max-width: 533px) 100vw, 533px\" \/><\/a><div class=\"item-content\"><h3>Camino Research Institute<\/h3><p>Un centro de investigaci\u00f3n impulsado por la comunidad que informa el desarrollo e implementaci\u00f3n de servicios y pol\u00edticas que satisfacen las necesidades de los latinos. El Camino Research Institute fue creado para llenar una brecha en los datos sobre los latinos que viven en Carolina del Norte.<\/p><\/div><\/div><div class=\"service-item\"><a target=\"_blank\" rel=\"noopener\" href=\"https:\/\/caminouniversity.org\/\" class=\"image-wrapper\"><img loading=\"lazy\" decoding=\"async\" width=\"533\" height=\"320\" src=\"https:\/\/i0.wp.com\/camino.org\/wp-content\/uploads\/2023\/05\/camino-university.jpg?fit=533%2C320&amp;ssl=1\" class=\"attachment-large size-large wp-post-image\" alt=\"\" srcset=\"https:\/\/i0.wp.com\/camino.org\/wp-content\/uploads\/2023\/05\/camino-university.jpg?w=533&amp;ssl=1 533w, https:\/\/i0.wp.com\/camino.org\/wp-content\/uploads\/2023\/05\/camino-university.jpg?resize=300%2C180&amp;ssl=1 300w\" sizes=\"(max-width: 533px) 100vw, 533px\" \/><\/a><div class=\"item-content\"><h3>Universidad de Camino<\/h3><p>La misi\u00f3n de la Universidad Camino es establecer oportunidades de formaci\u00f3n teol\u00f3gica y experiencia pr\u00e1ctica entre la comunidad latina y mejorar la prestaci\u00f3n de servicios sociales y de atenci\u00f3n m\u00e9dica (mental) para las comunidades inmigrantes.<\/p><\/div><\/div><div class=\"service-item\"><a target=\"_blank\" rel=\"noopener\" href=\"https:\/\/elfuturoeslatino.com\/\" class=\"image-wrapper\"><img loading=\"lazy\" decoding=\"async\" width=\"640\" height=\"462\" src=\"https:\/\/i0.wp.com\/camino.org\/wp-content\/uploads\/2023\/07\/IMG_7961-jpg.webp?fit=640%2C462&amp;ssl=1\" class=\"attachment-large size-large wp-post-image\" alt=\"\" srcset=\"https:\/\/i0.wp.com\/camino.org\/wp-content\/uploads\/2023\/07\/IMG_7961-jpg.webp?w=828&amp;ssl=1 828w, https:\/\/i0.wp.com\/camino.org\/wp-content\/uploads\/2023\/07\/IMG_7961-jpg.webp?resize=600%2C433&amp;ssl=1 600w, https:\/\/i0.wp.com\/camino.org\/wp-content\/uploads\/2023\/07\/IMG_7961-jpg.webp?resize=300%2C217&amp;ssl=1 300w, https:\/\/i0.wp.com\/camino.org\/wp-content\/uploads\/2023\/07\/IMG_7961-jpg.webp?resize=768%2C555&amp;ssl=1 768w\" sizes=\"(max-width: 640px) 100vw, 640px\" \/><\/a><div class=\"item-content\"><h3>El Futuro Es Latino<\/h3><p>Hay un cambio ocurriendo en Estados Unidos. Las familias blancas tienen un promedio de 1,7 hijos; las familias latinas tienen un promedio de 4,3 hijos. El futuro es latino. La edad promedio de una persona blanca en Estados Unidos es de 58 a\u00f1os; la edad promedio de los latinos es de 11 a\u00f1os. El futuro es latino, y no est\u00e1 lejos. Con valores de fe, familia y una \u00e9tica de trabajo sin igual, los latinos son los h\u00e9roes que nuestro pa\u00eds necesita. Solo necesitan una cosa: un camino. Por eso, nuestra visi\u00f3n es hacer de Carolina del Norte el mejor lugar para que los latinos vivan, trabajen y llamen hogar.<\/p><\/div><\/div><\/div><\/div><\/section>\n\n<section class=\"section-background-with-content \">\n        <div class=\"container large\" style=\"background-image: url(https:\/\/camino.org\/wp-content\/uploads\/2023\/05\/about-camino.jpg\">\n            <div class=\"content\">\n                <h6>bienvenido a camino<\/h6>\n                <h2>Sobre Camino<\/h2>\n                <p>Durante 25 a\u00f1os, Camino ha sido una parte integral de la comunidad de Charlotte, dando pasos para mejorar las vidas de los latinos en todo el estado de Carolina del Norte. Ofrecemos una variedad de servicios que buscan dar a las personas las herramientas para vivir vidas saludables, esperanzadoras y productivas. Haz clic en el enlace de abajo para leer m\u00e1s sobre nuestra historia y fundador.<\/p>\n            <\/div>\n        <\/div>\n    <\/section>","protected":false},"excerpt":{"rendered":"<p>Lo Que Hacemos: Camino ofrece una amplia gama de servicios, que incluyen, entre otros, atenci\u00f3n m\u00e9dica general, terapia conductual, movilidad ascendente, desarrollo profesional y educaci\u00f3n.<\/p>\n","protected":false},"author":1,"featured_media":1349,"parent":0,"menu_order":0,"comment_status":"closed","ping_status":"closed","template":"templates\/page-what-we-do.php","meta":{"_acf_changed":false,"give_campaign_id":0,"_coblocks_attr":"","_coblocks_dimensions":"","_coblocks_responsive_height":"","_coblocks_accordion_ie_support":"","om_disable_all_campaigns":false,"inline_featured_image":false,"_monsterinsights_skip_tracking":false,"_monsterinsights_sitenote_active":false,"_monsterinsights_sitenote_note":"","_monsterinsights_sitenote_category":0,"footnotes":""},"class_list":["post-1422","page","type-page","status-publish","has-post-thumbnail","hentry"],"acf":[],"yoast_head":"<!-- This site is optimized with the Yoast SEO plugin v27.4 - https:\/\/yoast.com\/product\/yoast-seo-wordpress\/ -->\n<title>Lo Que Hacemos - Camino<\/title>\n<meta name=\"robots\" content=\"index, follow, max-snippet:-1, max-image-preview:large, max-video-preview:-1\" \/>\n<link rel=\"canonical\" href=\"https:\/\/camino.org\/es\/lo-que-hacemos\/\" \/>\n<meta property=\"og:locale\" content=\"es_ES\" \/>\n<meta property=\"og:type\" content=\"article\" \/>\n<meta property=\"og:title\" content=\"Lo Que Hacemos - Camino\" \/>\n<meta property=\"og:description\" content=\"Lo Que Hacemos: Camino ofrece una amplia gama de servicios, que incluyen, entre otros, atenci\u00f3n m\u00e9dica general, terapia conductual, movilidad ascendente, desarrollo profesional y educaci\u00f3n.\" \/>\n<meta property=\"og:url\" content=\"https:\/\/camino.org\/es\/lo-que-hacemos\/\" \/>\n<meta property=\"og:site_name\" content=\"Camino\" \/>\n<meta property=\"article:modified_time\" content=\"2023-06-13T17:58:50+00:00\" \/>\n<meta property=\"og:image\" content=\"https:\/\/camino.org\/wp-content\/uploads\/2023\/06\/What-We-Do_Splash.jpg\" \/>\n\t<meta property=\"og:image:width\" content=\"1920\" \/>\n\t<meta property=\"og:image:height\" content=\"600\" \/>\n\t<meta property=\"og:image:type\" content=\"image\/jpeg\" \/>\n<meta name=\"twitter:card\" content=\"summary_large_image\" \/>\n<script type=\"application\/ld+json\" class=\"yoast-schema-graph\">{\"@context\":\"https:\\\/\\\/schema.org\",\"@graph\":[{\"@type\":\"WebPage\",\"@id\":\"https:\\\/\\\/camino.org\\\/es\\\/lo-que-hacemos\\\/\",\"url\":\"https:\\\/\\\/camino.org\\\/es\\\/lo-que-hacemos\\\/\",\"name\":\"Lo Que Hacemos - Camino\",\"isPartOf\":{\"@id\":\"https:\\\/\\\/camino.org\\\/#website\"},\"primaryImageOfPage\":{\"@id\":\"https:\\\/\\\/camino.org\\\/es\\\/lo-que-hacemos\\\/#primaryimage\"},\"image\":{\"@id\":\"https:\\\/\\\/camino.org\\\/es\\\/lo-que-hacemos\\\/#primaryimage\"},\"thumbnailUrl\":\"https:\\\/\\\/i0.wp.com\\\/camino.org\\\/wp-content\\\/uploads\\\/2023\\\/06\\\/What-We-Do_Splash.jpg?fit=1920%2C600&ssl=1\",\"datePublished\":\"2023-04-10T19:57:25+00:00\",\"dateModified\":\"2023-06-13T17:58:50+00:00\",\"breadcrumb\":{\"@id\":\"https:\\\/\\\/camino.org\\\/es\\\/lo-que-hacemos\\\/#breadcrumb\"},\"inLanguage\":\"es\",\"potentialAction\":[{\"@type\":\"ReadAction\",\"target\":[\"https:\\\/\\\/camino.org\\\/es\\\/lo-que-hacemos\\\/\"]}]},{\"@type\":\"ImageObject\",\"inLanguage\":\"es\",\"@id\":\"https:\\\/\\\/camino.org\\\/es\\\/lo-que-hacemos\\\/#primaryimage\",\"url\":\"https:\\\/\\\/i0.wp.com\\\/camino.org\\\/wp-content\\\/uploads\\\/2023\\\/06\\\/What-We-Do_Splash.jpg?fit=1920%2C600&ssl=1\",\"contentUrl\":\"https:\\\/\\\/i0.wp.com\\\/camino.org\\\/wp-content\\\/uploads\\\/2023\\\/06\\\/What-We-Do_Splash.jpg?fit=1920%2C600&ssl=1\",\"width\":1920,\"height\":600},{\"@type\":\"BreadcrumbList\",\"@id\":\"https:\\\/\\\/camino.org\\\/es\\\/lo-que-hacemos\\\/#breadcrumb\",\"itemListElement\":[{\"@type\":\"ListItem\",\"position\":1,\"name\":\"Home\",\"item\":\"https:\\\/\\\/camino.org\\\/es\\\/\"},{\"@type\":\"ListItem\",\"position\":2,\"name\":\"Lo Que Hacemos\"}]},{\"@type\":\"WebSite\",\"@id\":\"https:\\\/\\\/camino.org\\\/#website\",\"url\":\"https:\\\/\\\/camino.org\\\/\",\"name\":\"Camino\",\"description\":\"A bilingual and multicultural health center that provides excellent and affordable integrated care to the underinsured and uninsured populations.\",\"publisher\":{\"@id\":\"https:\\\/\\\/camino.org\\\/#organization\"},\"potentialAction\":[{\"@type\":\"SearchAction\",\"target\":{\"@type\":\"EntryPoint\",\"urlTemplate\":\"https:\\\/\\\/camino.org\\\/?s={search_term_string}\"},\"query-input\":{\"@type\":\"PropertyValueSpecification\",\"valueRequired\":true,\"valueName\":\"search_term_string\"}}],\"inLanguage\":\"es\"},{\"@type\":\"Organization\",\"@id\":\"https:\\\/\\\/camino.org\\\/#organization\",\"name\":\"Camino\",\"alternateName\":\"Camino\",\"url\":\"https:\\\/\\\/camino.org\\\/\",\"logo\":{\"@type\":\"ImageObject\",\"inLanguage\":\"es\",\"@id\":\"https:\\\/\\\/camino.org\\\/#\\\/schema\\\/logo\\\/image\\\/\",\"url\":\"https:\\\/\\\/camino.org\\\/wp-content\\\/uploads\\\/2023\\\/06\\\/logo-color.svg\",\"contentUrl\":\"https:\\\/\\\/camino.org\\\/wp-content\\\/uploads\\\/2023\\\/06\\\/logo-color.svg\",\"width\":199,\"height\":37,\"caption\":\"Camino\"},\"image\":{\"@id\":\"https:\\\/\\\/camino.org\\\/#\\\/schema\\\/logo\\\/image\\\/\"},\"sameAs\":[\"https:\\\/\\\/instagram.com\\\/camino.stories?igshid=MzRlODBiNWFlZA==\",\"https:\\\/\\\/www.linkedin.com\\\/company\\\/caminohealthcenter\\\/mycompany\\\/verification\\\/\",\"https:\\\/\\\/www.youtube.com\\\/@caminostories2588\\\/videos\"]}]}<\/script>\n<!-- \/ Yoast SEO plugin. -->","yoast_head_json":{"title":"Lo Que Hacemos - Camino","robots":{"index":"index","follow":"follow","max-snippet":"max-snippet:-1","max-image-preview":"max-image-preview:large","max-video-preview":"max-video-preview:-1"},"canonical":"https:\/\/camino.org\/es\/lo-que-hacemos\/","og_locale":"es_ES","og_type":"article","og_title":"Lo Que Hacemos - Camino","og_description":"Lo Que Hacemos: Camino ofrece una amplia gama de servicios, que incluyen, entre otros, atenci\u00f3n m\u00e9dica general, terapia conductual, movilidad ascendente, desarrollo profesional y educaci\u00f3n.","og_url":"https:\/\/camino.org\/es\/lo-que-hacemos\/","og_site_name":"Camino","article_modified_time":"2023-06-13T17:58:50+00:00","og_image":[{"width":1920,"height":600,"url":"https:\/\/camino.org\/wp-content\/uploads\/2023\/06\/What-We-Do_Splash.jpg","type":"image\/jpeg"}],"twitter_card":"summary_large_image","schema":{"@context":"https:\/\/schema.org","@graph":[{"@type":"WebPage","@id":"https:\/\/camino.org\/es\/lo-que-hacemos\/","url":"https:\/\/camino.org\/es\/lo-que-hacemos\/","name":"Lo Que Hacemos - Camino","isPartOf":{"@id":"https:\/\/camino.org\/#website"},"primaryImageOfPage":{"@id":"https:\/\/camino.org\/es\/lo-que-hacemos\/#primaryimage"},"image":{"@id":"https:\/\/camino.org\/es\/lo-que-hacemos\/#primaryimage"},"thumbnailUrl":"https:\/\/i0.wp.com\/camino.org\/wp-content\/uploads\/2023\/06\/What-We-Do_Splash.jpg?fit=1920%2C600&ssl=1","datePublished":"2023-04-10T19:57:25+00:00","dateModified":"2023-06-13T17:58:50+00:00","breadcrumb":{"@id":"https:\/\/camino.org\/es\/lo-que-hacemos\/#breadcrumb"},"inLanguage":"es","potentialAction":[{"@type":"ReadAction","target":["https:\/\/camino.org\/es\/lo-que-hacemos\/"]}]},{"@type":"ImageObject","inLanguage":"es","@id":"https:\/\/camino.org\/es\/lo-que-hacemos\/#primaryimage","url":"https:\/\/i0.wp.com\/camino.org\/wp-content\/uploads\/2023\/06\/What-We-Do_Splash.jpg?fit=1920%2C600&ssl=1","contentUrl":"https:\/\/i0.wp.com\/camino.org\/wp-content\/uploads\/2023\/06\/What-We-Do_Splash.jpg?fit=1920%2C600&ssl=1","width":1920,"height":600},{"@type":"BreadcrumbList","@id":"https:\/\/camino.org\/es\/lo-que-hacemos\/#breadcrumb","itemListElement":[{"@type":"ListItem","position":1,"name":"Home","item":"https:\/\/camino.org\/es\/"},{"@type":"ListItem","position":2,"name":"Lo Que Hacemos"}]},{"@type":"WebSite","@id":"https:\/\/camino.org\/#website","url":"https:\/\/camino.org\/","name":"Camino","description":"A bilingual and multicultural health center that provides excellent and affordable integrated care to the underinsured and uninsured populations.","publisher":{"@id":"https:\/\/camino.org\/#organization"},"potentialAction":[{"@type":"SearchAction","target":{"@type":"EntryPoint","urlTemplate":"https:\/\/camino.org\/?s={search_term_string}"},"query-input":{"@type":"PropertyValueSpecification","valueRequired":true,"valueName":"search_term_string"}}],"inLanguage":"es"},{"@type":"Organization","@id":"https:\/\/camino.org\/#organization","name":"Camino","alternateName":"Camino","url":"https:\/\/camino.org\/","logo":{"@type":"ImageObject","inLanguage":"es","@id":"https:\/\/camino.org\/#\/schema\/logo\/image\/","url":"https:\/\/camino.org\/wp-content\/uploads\/2023\/06\/logo-color.svg","contentUrl":"https:\/\/camino.org\/wp-content\/uploads\/2023\/06\/logo-color.svg","width":199,"height":37,"caption":"Camino"},"image":{"@id":"https:\/\/camino.org\/#\/schema\/logo\/image\/"},"sameAs":["https:\/\/instagram.com\/camino.stories?igshid=MzRlODBiNWFlZA==","https:\/\/www.linkedin.com\/company\/caminohealthcenter\/mycompany\/verification\/","https:\/\/www.youtube.com\/@caminostories2588\/videos"]}]}},"campaignId":"","_links":{"self":[{"href":"https:\/\/camino.org\/es\/wp-json\/wp\/v2\/pages\/1422","targetHints":{"allow":["GET"]}}],"collection":[{"href":"https:\/\/camino.org\/es\/wp-json\/wp\/v2\/pages"}],"about":[{"href":"https:\/\/camino.org\/es\/wp-json\/wp\/v2\/types\/page"}],"author":[{"embeddable":true,"href":"https:\/\/camino.org\/es\/wp-json\/wp\/v2\/users\/1"}],"replies":[{"embeddable":true,"href":"https:\/\/camino.org\/es\/wp-json\/wp\/v2\/comments?post=1422"}],"version-history":[{"count":10,"href":"https:\/\/camino.org\/es\/wp-json\/wp\/v2\/pages\/1422\/revisions"}],"predecessor-version":[{"id":1462,"href":"https:\/\/camino.org\/es\/wp-json\/wp\/v2\/pages\/1422\/revisions\/1462"}],"wp:featuredmedia":[{"embeddable":true,"href":"https:\/\/camino.org\/es\/wp-json\/wp\/v2\/media\/1349"}],"wp:attachment":[{"href":"https:\/\/camino.org\/es\/wp-json\/wp\/v2\/media?parent=1422"}],"curies":[{"name":"wp","href":"https:\/\/api.w.org\/{rel}","templated":true}]}}