{"id":1466,"date":"2023-04-10T19:58:03","date_gmt":"2023-04-10T19:58:03","guid":{"rendered":"https:\/\/camino.org\/?page_id=1466"},"modified":"2023-06-13T18:18:11","modified_gmt":"2023-06-13T18:18:11","slug":"involucrate","status":"publish","type":"page","link":"https:\/\/camino.org\/es\/involucrate\/","title":{"rendered":"Invol\u00facrate"},"content":{"rendered":"<section class=\"section-boxes\">\n        <div class=\"container\">\n            <div class=\"services-grid\">\n                <a href=\"#\" class=\"service-item\">\n                    <div class=\"image-wrapper\">\n                        <img data-recalc-dims=\"1\" decoding=\"async\" src=\"https:\/\/i0.wp.com\/camino.org\/wp-content\/uploads\/2023\/06\/Donations.JPG.jpg?w=640&#038;ssl=1\" alt=\"\" \/>\n                    <\/div>\n                    <div class=\"item-content\">\n                        <h3>Donaciones<\/h3>\n                        <p>Prevemos que el 2023 ser\u00e1 nuestro a\u00f1o m\u00e1s impactante hasta el momento. En el 2022, brindamos servicios a personas en 103,582 ocasiones a trav\u00e9s de nuestros servicios colectivos. Con su generosa donaci\u00f3n, podr\u00eda unirse a nosotros para ayudar a muchas m\u00e1s personas<\/p>\n                    <\/div>\n                <\/a>\n                <a href=\"#\" class=\"service-item\">\n                    <div class=\"image-wrapper\">\n                        <img data-recalc-dims=\"1\" decoding=\"async\" src=\"https:\/\/i0.wp.com\/camino.org\/wp-content\/uploads\/2023\/06\/Volunt.-and-Int.JPG.jpg?w=640&#038;ssl=1\" alt=\"\" \/>\n                    <\/div>\n                    <div class=\"item-content\">\n                        <h3>Voluntariado y pasant\u00edas<\/h3>\n                        <p>Es significativamente impactante y gratificante ofrecer su tiempo y participar en trabajo pr\u00e1ctico. Venga y vea el resultado directo de sus esfuerzos en las vidas de las personas a quienes servimos. Afinen sus habilidades profesionales y reciba valiosa experiencia, todo mientras hace una diferencia.<\/p>\n                    <\/div>\n                <\/a>\n                <a href=\"#\" class=\"service-item\">\n                    <div class=\"image-wrapper\">\n                        <img data-recalc-dims=\"1\" decoding=\"async\" src=\"https:\/\/i0.wp.com\/camino.org\/wp-content\/uploads\/2023\/06\/Partner-With-Us.ARW_.jpg?w=640&#038;ssl=1\" alt=\"\" \/>\n                    <\/div>\n                    <div class=\"item-content\">\n                        <h3>Colabora con nosotros<\/h3>\n                        <p>Podemos hacer m\u00e1s bien juntos. Multiplique su impacto en la comunidad asoci\u00e1ndose estrat\u00e9gicamente con nosotros. Cuando alinea sus objetivos con nuestra misi\u00f3n, se beneficia de la visibilidad en la comunidad y, lo que es m\u00e1s importante, hace una verdadera diferencia.<\/p>\n                    <\/div>\n                <\/a>\n            <\/div>\n        <\/div>\n    <\/section>\n\n<section class=\"section-impact\">\n        <div class=\"container\">\n            <div class=\"columns\">\n                <div class=\"column-1\">\n                    <div class=\"row-1\">\n                        <h2>Nuestro impacto juntos<\/h2>\n                        <div class=\"item\" style=\"background-image: url(https:\/\/camino.org\/wp-content\/uploads\/2023\/06\/DSC01294.ARW_-1.jpg;\">\n                            <div class=\"item-content\">\n                                <div class=\"number\">+4700<\/div>\n                                <h3>Voluntariado<\/h3>\n                                <p>Horas aportadas a los servicios de Camino este mes por voluntarios<\/p>\n                            <\/div>\n                        <\/div>\n                    <\/div>\n                    <div class=\"row-2\">\n                        <div class=\"item\" style=\"background-image: url(https:\/\/camino.org\/wp-content\/uploads\/2023\/05\/DSC09729.JPG.jpg);\">\n                            <div class=\"item-content\">\n                                <div class=\"number\">+90<\/div>\n                                <h3>Mobile Medical Unit<\/h3>\n                                <p>Personas atendidas a trav\u00e9s de nuestros servicios de Unidad M\u00e9dica M\u00f3vil.<\/p>\n                            <\/div>\n                        <\/div>\n                        <div class=\"item\" style=\"background-image: url(https:\/\/camino.org\/wp-content\/uploads\/2023\/05\/DSC01930.JPG.jpg);\">\n                            <div class=\"item-content\">\n                                <div class=\"number\">+1000<\/div>\n                                <h3>Sorteo de medicamentos<\/h3>\n                                <p>Se donaron m\u00e1s de 1,000 suministros m\u00e9dicos a nuestra comunidad durante el sorteo de medicamentos.<\/p>\n                            <\/div>\n                        <\/div>\n                    <\/div>\n                <\/div>\n                <div class=\"column-2\">\n                    <div class=\"item\" style=\"background-image: url(https:\/\/camino.org\/wp-content\/uploads\/2023\/05\/Our-Impact-Together_Volunteer.JPG.jpg);\">\n                        <div class=\"item-content\">\n                            <div class=\"number\">+160<\/div>\n                            <h3>Participaci\u00f3n Comunitaria<\/h3>\n                            <p>Se ha atendido a personas a trav\u00e9s de nuestros equipos de divulgaci\u00f3n.<\/p>\n                        <\/div>\n                    <\/div>\n                <\/div>\n            <\/div>\n        <\/div>\n    <\/section>\n\n<section class=\"section-background-with-content \">\n        <div class=\"container large\" style=\"background-image: url(https:\/\/camino.org\/wp-content\/uploads\/2023\/06\/Event_Block-Party.JPG-2-1.jpg\">\n            <div class=\"content\">\n                <h6>Bienvenido a Camino<\/h6>\n                <h2>Sobre nosotros<\/h2>\n                <p>Durante 25 a\u00f1os, Camino ha sido una parte integral de la comunidad de Charlotte, dando pasos para mejorar las vidas de los latinos en todo el estado de Carolina del Norte. Ofrecemos una variedad de servicios que buscan dar a las personas las herramientas para vivir vidas saludables, esperanzadoras y productivas. Haz clic en el enlace de abajo para leer m\u00e1s sobre nuestra historia y fundador.<\/p>\n            <\/div>\n        <\/div>\n    <\/section>","protected":false},"excerpt":{"rendered":"<p>\u00bfQuieres involucrarte? Est\u00e1s en el lugar correcto. Descubre varias formas en las que puedes tener un impacto significativo. Estamos comprometidos con nuestra misi\u00f3n de equipar a las personas para que vivan vidas saludables, esperanzadoras y productivas. Esperamos que te unas a nosotros y contribuyas a esta labor.<\/p>\n","protected":false},"author":1,"featured_media":1417,"parent":0,"menu_order":0,"comment_status":"closed","ping_status":"closed","template":"templates\/page-get-involved.php","meta":{"_acf_changed":false,"give_campaign_id":0,"_coblocks_attr":"","_coblocks_dimensions":"","_coblocks_responsive_height":"","_coblocks_accordion_ie_support":"","om_disable_all_campaigns":false,"inline_featured_image":false,"_monsterinsights_skip_tracking":false,"_monsterinsights_sitenote_active":false,"_monsterinsights_sitenote_note":"","_monsterinsights_sitenote_category":0,"footnotes":""},"class_list":["post-1466","page","type-page","status-publish","has-post-thumbnail","hentry"],"acf":[],"yoast_head":"<!-- This site is optimized with the Yoast SEO plugin v27.4 - https:\/\/yoast.com\/product\/yoast-seo-wordpress\/ -->\n<title>Invol\u00facrate - Camino<\/title>\n<meta name=\"robots\" content=\"index, follow, max-snippet:-1, max-image-preview:large, max-video-preview:-1\" \/>\n<link rel=\"canonical\" href=\"https:\/\/camino.org\/es\/involucrate\/\" \/>\n<meta property=\"og:locale\" content=\"es_ES\" \/>\n<meta property=\"og:type\" content=\"article\" \/>\n<meta property=\"og:title\" content=\"Invol\u00facrate - Camino\" \/>\n<meta property=\"og:description\" content=\"\u00bfQuieres involucrarte? Est\u00e1s en el lugar correcto. Descubre varias formas en las que puedes tener un impacto significativo. Estamos comprometidos con nuestra misi\u00f3n de equipar a las personas para que vivan vidas saludables, esperanzadoras y productivas. Esperamos que te unas a nosotros y contribuyas a esta labor.\" \/>\n<meta property=\"og:url\" content=\"https:\/\/camino.org\/es\/involucrate\/\" \/>\n<meta property=\"og:site_name\" content=\"Camino\" \/>\n<meta property=\"article:modified_time\" content=\"2023-06-13T18:18:11+00:00\" \/>\n<meta property=\"og:image\" content=\"https:\/\/camino.org\/wp-content\/uploads\/2023\/06\/Website-Splash-Swoosh-Template-2.jpg\" \/>\n\t<meta property=\"og:image:width\" content=\"1920\" \/>\n\t<meta property=\"og:image:height\" content=\"600\" \/>\n\t<meta property=\"og:image:type\" content=\"image\/jpeg\" \/>\n<meta name=\"twitter:card\" content=\"summary_large_image\" \/>\n<script type=\"application\/ld+json\" class=\"yoast-schema-graph\">{\"@context\":\"https:\\\/\\\/schema.org\",\"@graph\":[{\"@type\":\"WebPage\",\"@id\":\"https:\\\/\\\/camino.org\\\/es\\\/involucrate\\\/\",\"url\":\"https:\\\/\\\/camino.org\\\/es\\\/involucrate\\\/\",\"name\":\"Invol\u00facrate - Camino\",\"isPartOf\":{\"@id\":\"https:\\\/\\\/camino.org\\\/#website\"},\"primaryImageOfPage\":{\"@id\":\"https:\\\/\\\/camino.org\\\/es\\\/involucrate\\\/#primaryimage\"},\"image\":{\"@id\":\"https:\\\/\\\/camino.org\\\/es\\\/involucrate\\\/#primaryimage\"},\"thumbnailUrl\":\"https:\\\/\\\/i0.wp.com\\\/camino.org\\\/wp-content\\\/uploads\\\/2023\\\/06\\\/Website-Splash-Swoosh-Template-2.jpg?fit=1920%2C600&ssl=1\",\"datePublished\":\"2023-04-10T19:58:03+00:00\",\"dateModified\":\"2023-06-13T18:18:11+00:00\",\"breadcrumb\":{\"@id\":\"https:\\\/\\\/camino.org\\\/es\\\/involucrate\\\/#breadcrumb\"},\"inLanguage\":\"es\",\"potentialAction\":[{\"@type\":\"ReadAction\",\"target\":[\"https:\\\/\\\/camino.org\\\/es\\\/involucrate\\\/\"]}]},{\"@type\":\"ImageObject\",\"inLanguage\":\"es\",\"@id\":\"https:\\\/\\\/camino.org\\\/es\\\/involucrate\\\/#primaryimage\",\"url\":\"https:\\\/\\\/i0.wp.com\\\/camino.org\\\/wp-content\\\/uploads\\\/2023\\\/06\\\/Website-Splash-Swoosh-Template-2.jpg?fit=1920%2C600&ssl=1\",\"contentUrl\":\"https:\\\/\\\/i0.wp.com\\\/camino.org\\\/wp-content\\\/uploads\\\/2023\\\/06\\\/Website-Splash-Swoosh-Template-2.jpg?fit=1920%2C600&ssl=1\",\"width\":1920,\"height\":600},{\"@type\":\"BreadcrumbList\",\"@id\":\"https:\\\/\\\/camino.org\\\/es\\\/involucrate\\\/#breadcrumb\",\"itemListElement\":[{\"@type\":\"ListItem\",\"position\":1,\"name\":\"Home\",\"item\":\"https:\\\/\\\/camino.org\\\/es\\\/\"},{\"@type\":\"ListItem\",\"position\":2,\"name\":\"Invol\u00facrate\"}]},{\"@type\":\"WebSite\",\"@id\":\"https:\\\/\\\/camino.org\\\/#website\",\"url\":\"https:\\\/\\\/camino.org\\\/\",\"name\":\"Camino\",\"description\":\"A bilingual and multicultural health center that provides excellent and affordable integrated care to the underinsured and uninsured populations.\",\"publisher\":{\"@id\":\"https:\\\/\\\/camino.org\\\/#organization\"},\"potentialAction\":[{\"@type\":\"SearchAction\",\"target\":{\"@type\":\"EntryPoint\",\"urlTemplate\":\"https:\\\/\\\/camino.org\\\/?s={search_term_string}\"},\"query-input\":{\"@type\":\"PropertyValueSpecification\",\"valueRequired\":true,\"valueName\":\"search_term_string\"}}],\"inLanguage\":\"es\"},{\"@type\":\"Organization\",\"@id\":\"https:\\\/\\\/camino.org\\\/#organization\",\"name\":\"Camino\",\"alternateName\":\"Camino\",\"url\":\"https:\\\/\\\/camino.org\\\/\",\"logo\":{\"@type\":\"ImageObject\",\"inLanguage\":\"es\",\"@id\":\"https:\\\/\\\/camino.org\\\/#\\\/schema\\\/logo\\\/image\\\/\",\"url\":\"https:\\\/\\\/camino.org\\\/wp-content\\\/uploads\\\/2023\\\/06\\\/logo-color.svg\",\"contentUrl\":\"https:\\\/\\\/camino.org\\\/wp-content\\\/uploads\\\/2023\\\/06\\\/logo-color.svg\",\"width\":199,\"height\":37,\"caption\":\"Camino\"},\"image\":{\"@id\":\"https:\\\/\\\/camino.org\\\/#\\\/schema\\\/logo\\\/image\\\/\"},\"sameAs\":[\"https:\\\/\\\/instagram.com\\\/camino.stories?igshid=MzRlODBiNWFlZA==\",\"https:\\\/\\\/www.linkedin.com\\\/company\\\/caminohealthcenter\\\/mycompany\\\/verification\\\/\",\"https:\\\/\\\/www.youtube.com\\\/@caminostories2588\\\/videos\"]}]}<\/script>\n<!-- \/ Yoast SEO plugin. -->","yoast_head_json":{"title":"Invol\u00facrate - Camino","robots":{"index":"index","follow":"follow","max-snippet":"max-snippet:-1","max-image-preview":"max-image-preview:large","max-video-preview":"max-video-preview:-1"},"canonical":"https:\/\/camino.org\/es\/involucrate\/","og_locale":"es_ES","og_type":"article","og_title":"Invol\u00facrate - Camino","og_description":"\u00bfQuieres involucrarte? Est\u00e1s en el lugar correcto. Descubre varias formas en las que puedes tener un impacto significativo. Estamos comprometidos con nuestra misi\u00f3n de equipar a las personas para que vivan vidas saludables, esperanzadoras y productivas. Esperamos que te unas a nosotros y contribuyas a esta labor.","og_url":"https:\/\/camino.org\/es\/involucrate\/","og_site_name":"Camino","article_modified_time":"2023-06-13T18:18:11+00:00","og_image":[{"width":1920,"height":600,"url":"https:\/\/camino.org\/wp-content\/uploads\/2023\/06\/Website-Splash-Swoosh-Template-2.jpg","type":"image\/jpeg"}],"twitter_card":"summary_large_image","schema":{"@context":"https:\/\/schema.org","@graph":[{"@type":"WebPage","@id":"https:\/\/camino.org\/es\/involucrate\/","url":"https:\/\/camino.org\/es\/involucrate\/","name":"Invol\u00facrate - Camino","isPartOf":{"@id":"https:\/\/camino.org\/#website"},"primaryImageOfPage":{"@id":"https:\/\/camino.org\/es\/involucrate\/#primaryimage"},"image":{"@id":"https:\/\/camino.org\/es\/involucrate\/#primaryimage"},"thumbnailUrl":"https:\/\/i0.wp.com\/camino.org\/wp-content\/uploads\/2023\/06\/Website-Splash-Swoosh-Template-2.jpg?fit=1920%2C600&ssl=1","datePublished":"2023-04-10T19:58:03+00:00","dateModified":"2023-06-13T18:18:11+00:00","breadcrumb":{"@id":"https:\/\/camino.org\/es\/involucrate\/#breadcrumb"},"inLanguage":"es","potentialAction":[{"@type":"ReadAction","target":["https:\/\/camino.org\/es\/involucrate\/"]}]},{"@type":"ImageObject","inLanguage":"es","@id":"https:\/\/camino.org\/es\/involucrate\/#primaryimage","url":"https:\/\/i0.wp.com\/camino.org\/wp-content\/uploads\/2023\/06\/Website-Splash-Swoosh-Template-2.jpg?fit=1920%2C600&ssl=1","contentUrl":"https:\/\/i0.wp.com\/camino.org\/wp-content\/uploads\/2023\/06\/Website-Splash-Swoosh-Template-2.jpg?fit=1920%2C600&ssl=1","width":1920,"height":600},{"@type":"BreadcrumbList","@id":"https:\/\/camino.org\/es\/involucrate\/#breadcrumb","itemListElement":[{"@type":"ListItem","position":1,"name":"Home","item":"https:\/\/camino.org\/es\/"},{"@type":"ListItem","position":2,"name":"Invol\u00facrate"}]},{"@type":"WebSite","@id":"https:\/\/camino.org\/#website","url":"https:\/\/camino.org\/","name":"Camino","description":"A bilingual and multicultural health center that provides excellent and affordable integrated care to the underinsured and uninsured populations.","publisher":{"@id":"https:\/\/camino.org\/#organization"},"potentialAction":[{"@type":"SearchAction","target":{"@type":"EntryPoint","urlTemplate":"https:\/\/camino.org\/?s={search_term_string}"},"query-input":{"@type":"PropertyValueSpecification","valueRequired":true,"valueName":"search_term_string"}}],"inLanguage":"es"},{"@type":"Organization","@id":"https:\/\/camino.org\/#organization","name":"Camino","alternateName":"Camino","url":"https:\/\/camino.org\/","logo":{"@type":"ImageObject","inLanguage":"es","@id":"https:\/\/camino.org\/#\/schema\/logo\/image\/","url":"https:\/\/camino.org\/wp-content\/uploads\/2023\/06\/logo-color.svg","contentUrl":"https:\/\/camino.org\/wp-content\/uploads\/2023\/06\/logo-color.svg","width":199,"height":37,"caption":"Camino"},"image":{"@id":"https:\/\/camino.org\/#\/schema\/logo\/image\/"},"sameAs":["https:\/\/instagram.com\/camino.stories?igshid=MzRlODBiNWFlZA==","https:\/\/www.linkedin.com\/company\/caminohealthcenter\/mycompany\/verification\/","https:\/\/www.youtube.com\/@caminostories2588\/videos"]}]}},"campaignId":"","_links":{"self":[{"href":"https:\/\/camino.org\/es\/wp-json\/wp\/v2\/pages\/1466","targetHints":{"allow":["GET"]}}],"collection":[{"href":"https:\/\/camino.org\/es\/wp-json\/wp\/v2\/pages"}],"about":[{"href":"https:\/\/camino.org\/es\/wp-json\/wp\/v2\/types\/page"}],"author":[{"embeddable":true,"href":"https:\/\/camino.org\/es\/wp-json\/wp\/v2\/users\/1"}],"replies":[{"embeddable":true,"href":"https:\/\/camino.org\/es\/wp-json\/wp\/v2\/comments?post=1466"}],"version-history":[{"count":11,"href":"https:\/\/camino.org\/es\/wp-json\/wp\/v2\/pages\/1466\/revisions"}],"predecessor-version":[{"id":1491,"href":"https:\/\/camino.org\/es\/wp-json\/wp\/v2\/pages\/1466\/revisions\/1491"}],"wp:featuredmedia":[{"embeddable":true,"href":"https:\/\/camino.org\/es\/wp-json\/wp\/v2\/media\/1417"}],"wp:attachment":[{"href":"https:\/\/camino.org\/es\/wp-json\/wp\/v2\/media?parent=1466"}],"curies":[{"name":"wp","href":"https:\/\/api.w.org\/{rel}","templated":true}]}}